{"id":1371,"date":"2016-12-23T15:31:17","date_gmt":"2016-12-23T13:31:17","guid":{"rendered":"http:\/\/poseidon-aschaffenburg.de\/?page_id=1371"},"modified":"2026-01-02T18:07:57","modified_gmt":"2026-01-02T17:07:57","slug":"schwimmen","status":"publish","type":"page","link":"https:\/\/poseidon-aschaffenburg.de\/?page_id=1371","title":{"rendered":"Schwimmen"},"content":{"rendered":"<p><div class=\"fusion-fullwidth fullwidth-box fusion-builder-row-1 hundred-percent-fullwidth non-hundred-percent-height-scrolling\" style=\"--awb-border-radius-top-left:0px;--awb-border-radius-top-right:0px;--awb-border-radius-bottom-right:0px;--awb-border-radius-bottom-left:0px;--awb-padding-top:0px;--awb-padding-bottom:0px;--awb-margin-top:0px;--awb-margin-bottom:0px;--awb-flex-wrap:wrap;\" ><div class=\"fusion-builder-row fusion-row\"><div class=\"fusion-layout-column fusion_builder_column fusion-builder-column-0 fusion_builder_column_1_1 1_1 fusion-one-full fusion-column-first fusion-column-last\" style=\"--awb-bg-size:cover;\"><div class=\"fusion-column-wrapper fusion-column-has-shadow fusion-flex-column-wrapper-legacy\"><div class=\"fusion-image-carousel fusion-image-carousel-auto fusion-image-carousel-1\"><div class=\"awb-carousel awb-swiper awb-swiper-carousel\" data-autoplay=\"no\" data-columns=\"3\" data-itemmargin=\"10\" data-itemwidth=\"180\" data-touchscroll=\"no\" data-imagesize=\"auto\" style=\"--awb-columns:3;--awb-column-spacing:10px;\"><div class=\"swiper-wrapper awb-image-carousel-wrapper fusion-flex-align-items-center\"><div class=\"swiper-slide\"><div class=\"fusion-carousel-item-wrapper\"><div class=\"fusion-image-wrapper hover-type-none\"><img decoding=\"async\" width=\"91\" height=\"50\" src=\"https:\/\/poseidon-aschaffenburg.de\/wp-d7697-content\/uploads\/DVAG_Fries_PersLogo_1920px-e1700601982578.png\" class=\"attachment-full size-full\" alt=\"\" \/><\/div><\/div><\/div><div class=\"swiper-slide\"><div class=\"fusion-carousel-item-wrapper\"><div class=\"fusion-image-wrapper hover-type-none\"><a href=\"https:\/\/www.bildungsspender.de\/sskcposeidon-schwimmen\" target=\"_blank\" rel=\"noopener noreferrer\"><img decoding=\"async\" width=\"74\" height=\"50\" src=\"https:\/\/poseidon-aschaffenburg.de\/wp-d7697-content\/uploads\/2020-11-09-bildungsspender-e1644562941767.png\" class=\"attachment-full size-full\" alt=\"Bildungsspender\" \/><\/a><\/div><\/div><\/div><\/div><\/div><\/div>\n<div class=\"fusion-clearfix\"><\/div><\/div><\/div><\/div><\/div><div class=\"fusion-fullwidth fullwidth-box fusion-builder-row-2 nonhundred-percent-fullwidth non-hundred-percent-height-scrolling\" style=\"--awb-border-radius-top-left:0px;--awb-border-radius-top-right:0px;--awb-border-radius-bottom-right:0px;--awb-border-radius-bottom-left:0px;--awb-padding-top:20px;--awb-padding-bottom:20px;--awb-flex-wrap:wrap;\" ><div class=\"fusion-builder-row fusion-row\"><div class=\"fusion-layout-column fusion_builder_column fusion-builder-column-1 fusion_builder_column_1_3 1_3 fusion-one-third fusion-column-first\" style=\"--awb-bg-size:cover;width:33.333333333333%;width:calc(33.333333333333% - ( ( 4% + 4% ) * 0.33333333333333 ) );margin-right: 4%;\"><div class=\"fusion-column-wrapper fusion-flex-column-wrapper-legacy\"><div class=\"fusion-image-carousel fusion-image-carousel-auto fusion-image-carousel-2\"><div class=\"awb-carousel awb-swiper awb-swiper-carousel\" data-autoplay=\"yes\" data-columns=\"1\" data-itemmargin=\"1\" data-itemwidth=\"180\" data-touchscroll=\"no\" data-imagesize=\"auto\" style=\"--awb-columns:1;--awb-column-spacing:1px;\"><div class=\"swiper-wrapper awb-image-carousel-wrapper fusion-flex-align-items-center\"><div class=\"swiper-slide\"><div class=\"fusion-carousel-item-wrapper\"><div class=\"fusion-image-wrapper hover-type-zoomin\"><img decoding=\"async\" width=\"289\" height=\"200\" src=\"https:\/\/poseidon-aschaffenburg.de\/wp-d7697-content\/uploads\/20240128_L1-e1706513690831.jpg\" class=\"attachment-full size-full\" alt=\"1. Mannschaft\" srcset=\"https:\/\/poseidon-aschaffenburg.de\/wp-d7697-content\/uploads\/20240128_L1-e1706513690831-200x138.jpg 200w, https:\/\/poseidon-aschaffenburg.de\/wp-d7697-content\/uploads\/20240128_L1-e1706513690831.jpg 289w\" sizes=\"(max-width: 289px) 100vw, 289px\" \/><\/div><\/div><\/div><div class=\"swiper-slide\"><div class=\"fusion-carousel-item-wrapper\"><div class=\"fusion-image-wrapper hover-type-zoomin\"><img decoding=\"async\" width=\"300\" height=\"200\" src=\"https:\/\/poseidon-aschaffenburg.de\/wp-d7697-content\/uploads\/2017\/01\/schwimmen-slider2.jpg\" class=\"attachment-full size-full\" alt=\"\" srcset=\"https:\/\/poseidon-aschaffenburg.de\/wp-d7697-content\/uploads\/2017\/01\/schwimmen-slider2-200x133.jpg 200w, https:\/\/poseidon-aschaffenburg.de\/wp-d7697-content\/uploads\/2017\/01\/schwimmen-slider2.jpg 300w\" sizes=\"(max-width: 300px) 100vw, 300px\" \/><\/div><\/div><\/div><div class=\"swiper-slide\"><div class=\"fusion-carousel-item-wrapper\"><div class=\"fusion-image-wrapper hover-type-zoomin\"><img decoding=\"async\" width=\"300\" height=\"200\" src=\"https:\/\/poseidon-aschaffenburg.de\/wp-d7697-content\/uploads\/2017\/01\/schwimmen-slider3.jpg\" class=\"attachment-full size-full\" alt=\"\" srcset=\"https:\/\/poseidon-aschaffenburg.de\/wp-d7697-content\/uploads\/2017\/01\/schwimmen-slider3-200x133.jpg 200w, https:\/\/poseidon-aschaffenburg.de\/wp-d7697-content\/uploads\/2017\/01\/schwimmen-slider3.jpg 300w\" sizes=\"(max-width: 300px) 100vw, 300px\" \/><\/div><\/div><\/div><\/div><\/div><\/div><div class=\"fusion-clearfix\"><\/div><\/div><\/div><div class=\"fusion-layout-column fusion_builder_column fusion-builder-column-2 fusion_builder_column_1_3 1_3 fusion-one-third\" style=\"--awb-bg-size:cover;width:33.333333333333%;width:calc(33.333333333333% - ( ( 4% + 4% ) * 0.33333333333333 ) );margin-right: 4%;\"><div class=\"fusion-column-wrapper fusion-flex-column-wrapper-legacy\"><div class=\"fusion-title title fusion-title-1 fusion-title-text fusion-title-size-one\"><h1 class=\"fusion-title-heading title-heading-left\" style=\"margin:0;\">Willkommen beim Schwimmen!<\/h1><span class=\"awb-title-spacer\"><\/span><div class=\"title-sep-container\"><div class=\"title-sep sep-double sep-solid\" style=\"border-color:#e0dede;\"><\/div><\/div><\/div><div class=\"fusion-text fusion-text-1\"><p>Wir f\u00f6rdern den Breiten- und Leistungssport. Vom Anf\u00e4ngerschwimmen (keine Schwimmkurse!) bis ins hohe Alter bieten wir innerhalb unserer 17 Trainingsgruppen f\u00fcr jeden etwas an.<\/p>\n<\/div><div class=\"fusion-clearfix\"><\/div><\/div><\/div><div class=\"fusion-layout-column fusion_builder_column fusion-builder-column-3 fusion_builder_column_1_3 1_3 fusion-one-third fusion-column-last\" style=\"--awb-bg-size:cover;width:33.333333333333%;width:calc(33.333333333333% - ( ( 4% + 4% ) * 0.33333333333333 ) );\"><div class=\"fusion-column-wrapper fusion-flex-column-wrapper-legacy\"><div class=\"fusion-clearfix\"><\/div><\/div><\/div><\/div><\/div><div class=\"fusion-fullwidth fullwidth-box fusion-builder-row-3 nonhundred-percent-fullwidth non-hundred-percent-height-scrolling\" style=\"--awb-border-radius-top-left:0px;--awb-border-radius-top-right:0px;--awb-border-radius-bottom-right:0px;--awb-border-radius-bottom-left:0px;--awb-padding-top:20px;--awb-padding-bottom:20px;--awb-flex-wrap:wrap;\" ><div class=\"fusion-builder-row fusion-row\"><div class=\"fusion-layout-column fusion_builder_column fusion-builder-column-4 fusion_builder_column_1_2 1_2 fusion-one-half fusion-column-first\" style=\"--awb-bg-size:cover;width:50%;width:calc(50% - ( ( 4% ) * 0.5 ) );margin-right: 4%;\"><div class=\"fusion-column-wrapper fusion-flex-column-wrapper-legacy\"><div class=\"fusion-title title fusion-title-2 fusion-title-text fusion-title-size-one\"><h1 class=\"fusion-title-heading title-heading-left\" style=\"margin:0;\">Abteilungsleitung<\/h1><span class=\"awb-title-spacer\"><\/span><div class=\"title-sep-container\"><div class=\"title-sep sep-double sep-solid\" style=\"border-color:#e0dede;\"><\/div><\/div><\/div><div class=\"fusion-text fusion-text-2\"><p>unsere aktuelle Abteilungsleitung<br \/>\n(letzte Wahl am 23.07.2025):<\/p>\n<p>Abteilungsleiterin: Ina Kwiezinski<br \/>\nStellvertreter: Jessika D&#8217;Lorge-Harnisch, Steffi Konrad, Annika Lotz, Svenja Lotz, J\u00fcrgen Schwarzer, Corinna Timm, Stefan Uhrig<\/p>\n<p><a href=\"https:\/\/poseidon-aschaffenburg.de\/?page_id=95906\" target=\"_blank\" rel=\"noopener\">Bericht zur Neuwahl der Abteilungsleitung<\/a><\/p>\n<\/div><style type='text\/css'>.reading-box-container-1 .element-bottomshadow:before,.reading-box-container-1 .element-bottomshadow:after{opacity:0.70;}<\/style><div class=\"fusion-reading-box-container reading-box-container-1\" style=\"--awb-title-color:#333333;--awb-margin-top:0px;--awb-margin-bottom:84px;\"><div class=\"reading-box\" style=\"background-color:#f6f6f6;border-width:1px;border-color:#f6f6f6;border-left-width:3px;border-left-color:var(--primary_color);border-style:solid;\"><h2>Kontaktformular<\/h2><div class=\"reading-box-additional fusion-reading-box-additional\">W\u00e4hlen Sie bitte hier Ihren Ansprechpartner aus.<br \/>\nIn der Liste der <strong>Aufgabenverteilung der Schwimmabteilung<\/strong> k\u00f6nnen Sie sehen wer f\u00fcr welche Aufgabe zust\u00e4ndig ist. Diese ist in aktueller Version unter den <a href=\"http:\/\/poseidon-aschaffenburg.de\/?page_id=19\">Saison Infos<\/a> zu finden. Wir bieten keine Schwimmkurse an!<\/p>\n\n<div class=\"wpcf7 no-js\" id=\"wpcf7-f4449-o1\" lang=\"de-DE\" dir=\"ltr\">\n<div class=\"screen-reader-response\"><p role=\"status\" aria-live=\"polite\" aria-atomic=\"true\"><\/p> <ul><\/ul><\/div>\n<form action=\"\/index.php?rest_route=%2Fwp%2Fv2%2Fpages%2F1371#wpcf7-f4449-o1\" method=\"post\" class=\"wpcf7-form init\" aria-label=\"Kontaktformular\" novalidate=\"novalidate\" data-status=\"init\">\n<div style=\"display: none;\">\n<input type=\"hidden\" name=\"_wpcf7\" value=\"4449\" \/>\n<input type=\"hidden\" name=\"_wpcf7_version\" value=\"5.8.7\" \/>\n<input type=\"hidden\" name=\"_wpcf7_locale\" value=\"de_DE\" \/>\n<input type=\"hidden\" name=\"_wpcf7_unit_tag\" value=\"wpcf7-f4449-o1\" \/>\n<input type=\"hidden\" name=\"_wpcf7_container_post\" value=\"0\" \/>\n<input type=\"hidden\" name=\"_wpcf7_posted_data_hash\" value=\"\" \/>\n<input type=\"hidden\" name=\"_wpcf7_recaptcha_response\" value=\"\" \/>\n<\/div>\n<p><label> Ihr Ansprechpartner<br \/>\n<span class=\"wpcf7-form-control-wrap\" data-name=\"your-recipient\"><select class=\"wpcf7-form-control wpcf7-select wpcf7-validates-as-required\" aria-required=\"true\" aria-invalid=\"false\" name=\"your-recipient\"><option value=\"Ina Kwiezinski - Abteilungsleiterin\">Ina Kwiezinski - Abteilungsleiterin<\/option><option value=\"Corinna Timm - Sponsoring\">Corinna Timm - Sponsoring<\/option><option value=\"Steffi Konrad - Trainerbetreuerin\">Steffi Konrad - Trainerbetreuerin<\/option><option value=\"Svenja Lotz - Verwaltung\">Svenja Lotz - Verwaltung<\/option><option value=\"Jessika D\u2019Lorge-Harnisch - Schatzmeister\">Jessika D\u2019Lorge-Harnisch - Schatzmeister<\/option><option value=\"Annika Lotz - Beisitzerin\">Annika Lotz - Beisitzerin<\/option><option value=\"Stefan Uhrig - Beisitzer\">Stefan Uhrig - Beisitzer<\/option><option value=\"J\u00fcrgen Schwarzer - Beisitzer\">J\u00fcrgen Schwarzer - Beisitzer<\/option><\/select><\/span><\/label>\n<\/p>\n<p><label> Ihr Name<br \/>\n<span class=\"wpcf7-form-control-wrap\" data-name=\"your-name\"><input size=\"40\" class=\"wpcf7-form-control wpcf7-text wpcf7-validates-as-required\" aria-required=\"true\" aria-invalid=\"false\" value=\"\" type=\"text\" name=\"your-name\" \/><\/span> <\/label>\n<\/p>\n<p><label> Ihre E-Mail-Adresse<br \/>\n<span class=\"wpcf7-form-control-wrap\" data-name=\"your-email\"><input size=\"40\" class=\"wpcf7-form-control wpcf7-email wpcf7-validates-as-required wpcf7-text wpcf7-validates-as-email\" aria-required=\"true\" aria-invalid=\"false\" value=\"\" type=\"email\" name=\"your-email\" \/><\/span> <\/label>\n<\/p>\n<p><label> Betreff<br \/>\n<span class=\"wpcf7-form-control-wrap\" data-name=\"your-subject\"><input size=\"40\" class=\"wpcf7-form-control wpcf7-text wpcf7-validates-as-required\" aria-required=\"true\" aria-invalid=\"false\" value=\"\" type=\"text\" name=\"your-subject\" \/><\/span> <\/label>\n<\/p>\n<p><label> Ihre Nachricht<br \/>\n<span class=\"wpcf7-form-control-wrap\" data-name=\"your-message\"><textarea cols=\"40\" rows=\"10\" class=\"wpcf7-form-control wpcf7-textarea wpcf7-validates-as-required\" aria-required=\"true\" aria-invalid=\"false\" name=\"your-message\"><\/textarea><\/span> <\/label>\n<\/p>\n<p><input class=\"wpcf7-form-control wpcf7-submit has-spinner\" type=\"submit\" value=\"Senden\" \/>\n<\/p><div class=\"fusion-alert alert custom alert-custom fusion-alert-center wpcf7-response-output awb-alert-native-link-color alert-dismissable awb-alert-close-boxed\" style=\"--awb-border-top-left-radius:0px;--awb-border-top-right-radius:0px;--awb-border-bottom-left-radius:0px;--awb-border-bottom-right-radius:0px;\" role=\"alert\"><div class=\"fusion-alert-content-wrapper\"><span class=\"fusion-alert-content\"><\/span><\/div><button type=\"button\" class=\"close toggle-alert\" data-dismiss=\"alert\" aria-label=\"Close\">&times;<\/button><\/div>\n<\/form>\n<\/div>\n<\/div><div class=\"fusion-clearfix\"><\/div><\/div><\/div><div class=\"fusion-clearfix\"><\/div><\/div><\/div><div class=\"fusion-layout-column fusion_builder_column fusion-builder-column-5 fusion_builder_column_1_2 1_2 fusion-one-half fusion-column-last\" style=\"--awb-bg-size:cover;width:50%;width:calc(50% - ( ( 4% ) * 0.5 ) );\"><div class=\"fusion-column-wrapper fusion-flex-column-wrapper-legacy\"><div class=\"fusion-alert alert error alert-danger fusion-alert-center awb-alert-native-link-color alert-dismissable awb-alert-close-boxed\" role=\"alert\"><div class=\"fusion-alert-content-wrapper\"><span class=\"alert-icon\"><i class=\"awb-icon-exclamation-triangle\" aria-hidden=\"true\"><\/i><\/span><span class=\"fusion-alert-content\"><p>!!! ACHTUNG Interessierte Kinder !!!<\/p>\n<p>Bei Interesse am Schwimmtraining f\u00fcr die Saison 26\/27 k\u00f6nnen Sie \u00fcber das folgende Kontaktformular ihr Kind zum Vorschwimmen anmelden.<br \/>\nWir nehmen dann Kinder ab Jahrgang 2020 auf.<br \/>\nSobald der Termin feststeht, werden Sie per Mail benachrichtigt.<\/p>\n\n<div class=\"wpcf7 no-js\" id=\"wpcf7-f94791-o2\" lang=\"de-DE\" dir=\"ltr\">\n<div class=\"screen-reader-response\"><p role=\"status\" aria-live=\"polite\" aria-atomic=\"true\"><\/p> <ul><\/ul><\/div>\n<form action=\"\/index.php?rest_route=%2Fwp%2Fv2%2Fpages%2F1371#wpcf7-f94791-o2\" method=\"post\" class=\"wpcf7-form init\" aria-label=\"Kontaktformular\" novalidate=\"novalidate\" data-status=\"init\">\n<div style=\"display: none;\">\n<input type=\"hidden\" name=\"_wpcf7\" value=\"94791\" \/>\n<input type=\"hidden\" name=\"_wpcf7_version\" value=\"5.8.7\" \/>\n<input type=\"hidden\" name=\"_wpcf7_locale\" value=\"de_DE\" \/>\n<input type=\"hidden\" name=\"_wpcf7_unit_tag\" value=\"wpcf7-f94791-o2\" \/>\n<input type=\"hidden\" name=\"_wpcf7_container_post\" value=\"0\" \/>\n<input type=\"hidden\" name=\"_wpcf7_posted_data_hash\" value=\"\" \/>\n<input type=\"hidden\" name=\"_wpcf7_recaptcha_response\" value=\"\" \/>\n<\/div>\n<p><label> Ihr Name:<br \/>\n<span class=\"wpcf7-form-control-wrap\" data-name=\"your-name\"><input size=\"40\" class=\"wpcf7-form-control wpcf7-text wpcf7-validates-as-required\" aria-required=\"true\" aria-invalid=\"false\" value=\"\" type=\"text\" name=\"your-name\" \/><\/span> <\/label>\n<\/p>\n<p><label> Ihre E-Mail-Adresse:<br \/>\n<span class=\"wpcf7-form-control-wrap\" data-name=\"your-email\"><input size=\"40\" class=\"wpcf7-form-control wpcf7-email wpcf7-validates-as-required wpcf7-text wpcf7-validates-as-email\" aria-required=\"true\" aria-invalid=\"false\" value=\"\" type=\"email\" name=\"your-email\" \/><\/span> <\/label>\n<\/p>\n<p><label> Name des Kindes:<br \/>\n<span class=\"wpcf7-form-control-wrap\" data-name=\"child-name\"><input size=\"40\" class=\"wpcf7-form-control wpcf7-text wpcf7-validates-as-required\" aria-required=\"true\" aria-invalid=\"false\" value=\"\" type=\"text\" name=\"child-name\" \/><\/span> <\/label>\n<\/p>\n<p><label> Geburtsdatum des Kindes:<br \/>\n<span class=\"wpcf7-form-control-wrap\" data-name=\"child-birth\"><input class=\"wpcf7-form-control wpcf7-date wpcf7-validates-as-required wpcf7-validates-as-date\" aria-required=\"true\" aria-invalid=\"false\" value=\"\" type=\"date\" name=\"child-birth\" \/><\/span> <\/label>\n<\/p>\n<p><label> Geschlecht des Kindes:<br \/>\n<span class=\"wpcf7-form-control-wrap\" data-name=\"child-sex\"><select class=\"wpcf7-form-control wpcf7-select wpcf7-validates-as-required\" aria-required=\"true\" aria-invalid=\"false\" name=\"child-sex\"><option value=\"weiblich\">weiblich<\/option><option value=\"m\u00e4nnlich\">m\u00e4nnlich<\/option><option value=\"divers\">divers<\/option><\/select><\/span> <\/label>\n<\/p>\n<p><label> Folgende Schwimmart kann mein Kind sicher schwimmen: <\/label><br \/>\n<span class=\"wpcf7-form-control-wrap\" data-name=\"child-swim\"><span class=\"wpcf7-form-control wpcf7-checkbox\"><span class=\"wpcf7-list-item first\"><label><input type=\"checkbox\" name=\"child-swim[]\" value=\"Brust\" \/><span class=\"wpcf7-list-item-label\">Brust<\/span><\/label><\/span><span class=\"wpcf7-list-item\"><label><input type=\"checkbox\" name=\"child-swim[]\" value=\"Kraul\" \/><span class=\"wpcf7-list-item-label\">Kraul<\/span><\/label><\/span><span class=\"wpcf7-list-item last\"><label><input type=\"checkbox\" name=\"child-swim[]\" value=\"R\u00fccken\" \/><span class=\"wpcf7-list-item-label\">R\u00fccken<\/span><\/label><\/span><\/span><\/span>\n<\/p>\n<p><label> Folgende Schwimmabzeichen hat mein Kind:<br \/>\n<span class=\"wpcf7-form-control-wrap\" data-name=\"child-cert\"><textarea cols=\"40\" rows=\"10\" class=\"wpcf7-form-control wpcf7-textarea\" aria-invalid=\"false\" name=\"child-cert\"><\/textarea><\/span> <\/label>\n<\/p>\n<p><label> Sonstige Informationen:<br \/>\n<span class=\"wpcf7-form-control-wrap\" data-name=\"your-message\"><textarea cols=\"40\" rows=\"10\" class=\"wpcf7-form-control wpcf7-textarea\" aria-invalid=\"false\" name=\"your-message\"><\/textarea><\/span> <\/label>\n<\/p>\n<p><input class=\"wpcf7-form-control wpcf7-submit has-spinner\" type=\"submit\" value=\"Senden\" \/>\n<\/p><div class=\"fusion-alert alert custom alert-custom fusion-alert-center wpcf7-response-output awb-alert-native-link-color alert-dismissable awb-alert-close-boxed\" style=\"--awb-border-top-left-radius:0px;--awb-border-top-right-radius:0px;--awb-border-bottom-left-radius:0px;--awb-border-bottom-right-radius:0px;\" role=\"alert\"><div class=\"fusion-alert-content-wrapper\"><span class=\"fusion-alert-content\"><\/span><\/div><button type=\"button\" class=\"close toggle-alert\" data-dismiss=\"alert\" aria-label=\"Close\">&times;<\/button><\/div>\n<\/form>\n<\/div>\n<\/span><\/div><button type=\"button\" class=\"close toggle-alert\" data-dismiss=\"alert\" aria-label=\"Close\">&times;<\/button><\/div><div class=\"fusion-clearfix\"><\/div><\/div><\/div><\/div><\/div><\/p>\n","protected":false},"excerpt":{"rendered":"","protected":false},"author":5,"featured_media":0,"parent":0,"menu_order":0,"comment_status":"closed","ping_status":"closed","template":"","meta":{"footnotes":""},"_links":{"self":[{"href":"https:\/\/poseidon-aschaffenburg.de\/index.php?rest_route=\/wp\/v2\/pages\/1371"}],"collection":[{"href":"https:\/\/poseidon-aschaffenburg.de\/index.php?rest_route=\/wp\/v2\/pages"}],"about":[{"href":"https:\/\/poseidon-aschaffenburg.de\/index.php?rest_route=\/wp\/v2\/types\/page"}],"author":[{"embeddable":true,"href":"https:\/\/poseidon-aschaffenburg.de\/index.php?rest_route=\/wp\/v2\/users\/5"}],"replies":[{"embeddable":true,"href":"https:\/\/poseidon-aschaffenburg.de\/index.php?rest_route=%2Fwp%2Fv2%2Fcomments&post=1371"}],"version-history":[{"count":127,"href":"https:\/\/poseidon-aschaffenburg.de\/index.php?rest_route=\/wp\/v2\/pages\/1371\/revisions"}],"predecessor-version":[{"id":96417,"href":"https:\/\/poseidon-aschaffenburg.de\/index.php?rest_route=\/wp\/v2\/pages\/1371\/revisions\/96417"}],"wp:attachment":[{"href":"https:\/\/poseidon-aschaffenburg.de\/index.php?rest_route=%2Fwp%2Fv2%2Fmedia&parent=1371"}],"curies":[{"name":"wp","href":"https:\/\/api.w.org\/{rel}","templated":true}]}}