{"id":1792,"date":"2016-12-24T15:11:10","date_gmt":"2016-12-24T13:11:10","guid":{"rendered":"http:\/\/poseidon-aschaffenburg.de\/?page_id=1792"},"modified":"2026-02-25T10:37:34","modified_gmt":"2026-02-25T09:37:34","slug":"startseite","status":"publish","type":"page","link":"https:\/\/poseidon-aschaffenburg.de\/","title":{"rendered":"Startseite"},"content":{"rendered":"<div class=\"fusion-fullwidth fullwidth-box fusion-builder-row-1 nonhundred-percent-fullwidth non-hundred-percent-height-scrolling\" style=\"--awb-border-radius-top-left:0px;--awb-border-radius-top-right:0px;--awb-border-radius-bottom-right:0px;--awb-border-radius-bottom-left:0px;--awb-flex-wrap:wrap;\" ><div class=\"fusion-builder-row fusion-row\"><div class=\"fusion-layout-column fusion_builder_column fusion-builder-column-0 fusion_builder_column_2_3 2_3 fusion-two-third fusion-column-first\" style=\"--awb-bg-size:cover;width:66.666666666667%;width:calc(66.666666666667% - ( ( 4% ) * 0.66666666666667 ) );margin-right: 4%;\"><div class=\"fusion-column-wrapper fusion-column-has-shadow fusion-flex-column-wrapper-legacy\"><div class=\"fusion-title title fusion-title-1 fusion-title-text fusion-title-size-one\"><h1 class=\"fusion-title-heading title-heading-left\" style=\"margin:0;\">Eilmeldungen<\/h1><span class=\"awb-title-spacer\"><\/span><div class=\"title-sep-container\"><div class=\"title-sep sep-double sep-solid\" style=\"border-color:#e0dede;\"><\/div><\/div><\/div><div class=\"fusion-text fusion-text-1\"><h2>EILMELDUNG:<\/h2>\n<h2><strong>Veranstaltungskalender 2026<\/strong><\/h2>\n<table style=\"height: 126px;\" width=\"800\">\n<tbody>\n<tr>\n<td width=\"150\"><\/td>\n<td colspan=\"7\" width=\"650\"><\/td>\n<\/tr>\n<tr>\n<td>\n<h4>\u00a0 \u00a0 \u00a0 \u00a0 \u00a0 \u00a0 \u00a0 \u00a0 \u00a0 \u00a0 \u00a020. KW<\/h4>\n<\/td>\n<td><\/td>\n<td colspan=\"6\">\n<h4>Start der Freibadsaison<\/h4>\n<\/td>\n<\/tr>\n<tr>\n<td style=\"text-align: right;\"><\/td>\n<td><\/td>\n<td colspan=\"6\"><\/td>\n<\/tr>\n<\/tbody>\n<\/table>\n<h4><\/h4>\n<h2><\/h2>\n<h2><\/h2>\n<\/div><div class=\"fusion-text fusion-text-2\"><h4><\/h4>\n<h1><\/h1>\n<\/div><div class=\"awb-gallery-wrapper awb-gallery-wrapper-1 button-span-no\"><div style=\"margin:-5px;--awb-bordersize:0px;\" class=\"fusion-gallery fusion-gallery-container fusion-grid-1 fusion-columns-total-2 fusion-gallery-layout-grid fusion-gallery-1\"><div style=\"padding:5px;\" class=\"fusion-grid-column fusion-gallery-column fusion-gallery-column-1 hover-type-zoomin\"><div class=\"fusion-gallery-image\"><a href=\"https:\/\/poseidon-aschaffenburg.de\/wp-d7697-content\/uploads\/anlage-multiplatz.jpg\" rel=\"noreferrer\" data-rel=\"iLightbox[gallery_image_1]\" class=\"fusion-lightbox\" target=\"_self\"><img decoding=\"async\" src=\"https:\/\/poseidon-aschaffenburg.de\/wp-d7697-content\/uploads\/anlage-multiplatz.jpg\" width=\"640\" height=\"279\" alt=\"\" title=\"anlage-multiplatz\" aria-label=\"anlage-multiplatz\" class=\"img-responsive wp-image-15990\" srcset=\"https:\/\/poseidon-aschaffenburg.de\/wp-d7697-content\/uploads\/anlage-multiplatz-200x87.jpg 200w, https:\/\/poseidon-aschaffenburg.de\/wp-d7697-content\/uploads\/anlage-multiplatz-400x174.jpg 400w, https:\/\/poseidon-aschaffenburg.de\/wp-d7697-content\/uploads\/anlage-multiplatz-600x262.jpg 600w, https:\/\/poseidon-aschaffenburg.de\/wp-d7697-content\/uploads\/anlage-multiplatz.jpg 640w\" sizes=\"(min-width: 2200px) 100vw, (min-width: 640px) 1100px, \" \/><\/a><\/div><\/div><div class=\"clearfix\"><\/div><div style=\"padding:5px;\" class=\"fusion-grid-column fusion-gallery-column fusion-gallery-column-1 hover-type-zoomin\"><div class=\"fusion-gallery-image\"><a href=\"https:\/\/poseidon-aschaffenburg.de\/wp-d7697-content\/uploads\/anlage-tribuene.jpg\" rel=\"noreferrer\" data-rel=\"iLightbox[gallery_image_1]\" class=\"fusion-lightbox\" target=\"_self\"><img decoding=\"async\" src=\"https:\/\/poseidon-aschaffenburg.de\/wp-d7697-content\/uploads\/anlage-tribuene.jpg\" width=\"640\" height=\"282\" alt=\"\" title=\"anlage-tribuene\" aria-label=\"anlage-tribuene\" class=\"img-responsive wp-image-16002\" srcset=\"https:\/\/poseidon-aschaffenburg.de\/wp-d7697-content\/uploads\/anlage-tribuene-200x88.jpg 200w, https:\/\/poseidon-aschaffenburg.de\/wp-d7697-content\/uploads\/anlage-tribuene-400x176.jpg 400w, https:\/\/poseidon-aschaffenburg.de\/wp-d7697-content\/uploads\/anlage-tribuene-600x264.jpg 600w, https:\/\/poseidon-aschaffenburg.de\/wp-d7697-content\/uploads\/anlage-tribuene.jpg 640w\" sizes=\"(min-width: 2200px) 100vw, (min-width: 640px) 1100px, \" \/><\/a><\/div><\/div><div class=\"clearfix\"><\/div><\/div><\/div><div class=\"fusion-clearfix\"><\/div><\/div><\/div><div class=\"fusion-layout-column fusion_builder_column fusion-builder-column-1 fusion_builder_column_1_3 1_3 fusion-one-third fusion-column-last\" style=\"--awb-bg-size:cover;width:33.333333333333%;width:calc(33.333333333333% - ( ( 4% ) * 0.33333333333333 ) );\"><div class=\"fusion-column-wrapper fusion-column-has-shadow fusion-flex-column-wrapper-legacy\"><div class=\"fusion-title title fusion-title-2 fusion-title-text fusion-title-size-one\"><h1 class=\"fusion-title-heading title-heading-left\" style=\"margin:0;\">neue Zeitungsberichte<\/h1><span class=\"awb-title-spacer\"><\/span><div class=\"title-sep-container\"><div class=\"title-sep sep-double sep-solid\" style=\"border-color:#e0dede;\"><\/div><\/div><\/div><div class=\"fusion-recent-posts fusion-recent-posts-1 avada-container layout-thumbnails-on-side layout-columns-1\"><section class=\"fusion-columns columns fusion-columns-1 columns-1\"><article class=\"post fusion-column column col col-lg-12 col-md-12 col-sm-12 fusion-animated\" data-animationType=\"fadeInLeft\" data-animationDuration=\"0.3\" data-animationOffset=\"top-into-view\"><div class=\"recent-posts-content\"><span class=\"vcard\" style=\"display: none;\"><span class=\"fn\"><a href=\"https:\/\/poseidon-aschaffenburg.de\/?author=5\" title=\"Beitr\u00e4ge von Steffi Kramer\" rel=\"author\">Steffi Kramer<\/a><\/span><\/span><span class=\"updated\" style=\"display:none;\">2026-03-23T22:02:30+01:00<\/span><h4 class=\"entry-title\"><a href=\"https:\/\/poseidon-aschaffenburg.de\/?p=96704\">Lissy Konrad l\u00f6st in W\u00fcrzburg das Ticket f\u00fcr die &#8222;Deutschen&#8220;<\/a><\/h4><p>Kein einfaches Wochenende hatten das achtk\u00f6pfige Aufgebot des SSKC Poseidon Aschaffenburg bei den Bayerischen Meisterschaften der offenen Klasse auf der 50m-Bahn in W\u00fcrzburg. Mit lediglich einer Finalteilnahme und einer Bestzeitenquote von unter 10% blieben die [...]<\/p><\/div><\/article><article class=\"post fusion-column column col col-lg-12 col-md-12 col-sm-12 fusion-animated\" data-animationType=\"fadeInLeft\" data-animationDuration=\"0.3\" data-animationOffset=\"top-into-view\"><div class=\"recent-posts-content\"><span class=\"vcard\" style=\"display: none;\"><span class=\"fn\"><a href=\"https:\/\/poseidon-aschaffenburg.de\/?author=5\" title=\"Beitr\u00e4ge von Steffi Kramer\" rel=\"author\">Steffi Kramer<\/a><\/span><\/span><span class=\"updated\" style=\"display:none;\">2026-03-23T22:02:50+01:00<\/span><h4 class=\"entry-title\"><a href=\"https:\/\/poseidon-aschaffenburg.de\/?p=96708\">Poseidon-Talent Leo Kempf \u00fcberrascht in Hanau<\/a><\/h4><p>Mit geballter Nachwuchs-Power war der SSKC Poseidon Aschaffenburg am vergangenen Samstag beim 49. Wilhelm-Pompe-Ged\u00e4chtnisschwimmen in Hanau am Start. Mit insgesamt 72 Schwimmern hatten die Poseidonen das mit Abstand gr\u00f6\u00dfte Team am Start und stellte sich [...]<\/p><\/div><\/article><article class=\"post fusion-column column col col-lg-12 col-md-12 col-sm-12 fusion-animated\" data-animationType=\"fadeInLeft\" data-animationDuration=\"0.3\" data-animationOffset=\"top-into-view\"><div class=\"recent-posts-content\"><span class=\"vcard\" style=\"display: none;\"><span class=\"fn\"><a href=\"https:\/\/poseidon-aschaffenburg.de\/?author=5\" title=\"Beitr\u00e4ge von Steffi Kramer\" rel=\"author\">Steffi Kramer<\/a><\/span><\/span><span class=\"updated\" style=\"display:none;\">2026-03-23T22:03:09+01:00<\/span><h4 class=\"entry-title\"><a href=\"https:\/\/poseidon-aschaffenburg.de\/?p=96706\">Svenja Kolb \u00fcberzeugt beim Qualifikationswettkampf in Heidelberg<\/a><\/h4><p>Einem weiteren Formtest auf h\u00f6chstem Niveau unterzog sich die erste Wettkampf-Mannschaft des SSKC Poseidon Aschaffenburg am vergangenen Wochenende beim Internationalen Nikar-Cup. Am Bundesst\u00fctzpunkt in Heidelberg, dem Trainingsbecken der aus Aschaffenburg stammenden Top-Schwimmerin Lena Ludwig, ging [...]<\/p><\/div><\/article><article class=\"post fusion-column column col col-lg-12 col-md-12 col-sm-12 fusion-animated\" data-animationType=\"fadeInLeft\" data-animationDuration=\"0.3\" data-animationOffset=\"top-into-view\"><div class=\"recent-posts-content\"><span class=\"vcard\" style=\"display: none;\"><span class=\"fn\"><a href=\"https:\/\/poseidon-aschaffenburg.de\/?author=5\" title=\"Beitr\u00e4ge von Steffi Kramer\" rel=\"author\">Steffi Kramer<\/a><\/span><\/span><span class=\"updated\" style=\"display:none;\">2026-03-23T22:05:32+01:00<\/span><h4 class=\"entry-title\"><a href=\"https:\/\/poseidon-aschaffenburg.de\/?p=96711\">Schwegler und ter Stal holen Mehrkampf-Sieg beim Heimwettkampf\u00a0<\/a><\/h4><p>Heimspiel f\u00fcr den SSKC Poseidon Aschaffenburg! Am vergangenen Wochenende stand mit dem Winterschwimmfest der erste Schwimm-Wettkampf im Jahr 2026 am bayerischen Untermain an. W\u00e4hrend am Samstag und Sonntagvormittag die erfahreneren Schwimmer und Nachwuchstalente gefordert waren, [...]<\/p><\/div><\/article><article class=\"post fusion-column column col col-lg-12 col-md-12 col-sm-12 fusion-animated\" data-animationType=\"fadeInLeft\" data-animationDuration=\"0.3\" data-animationOffset=\"top-into-view\"><div class=\"recent-posts-content\"><span class=\"vcard\" style=\"display: none;\"><span class=\"fn\"><a href=\"https:\/\/poseidon-aschaffenburg.de\/?author=5\" title=\"Beitr\u00e4ge von Steffi Kramer\" rel=\"author\">Steffi Kramer<\/a><\/span><\/span><span class=\"updated\" style=\"display:none;\">2026-03-23T22:07:04+01:00<\/span><h4 class=\"entry-title\"><a href=\"https:\/\/poseidon-aschaffenburg.de\/?p=96713\">Timo Bl\u00e4s startet mit f\u00fcnf Bestzeiten ins neue Jahr<\/a><\/h4><p>Starke internationale Konkurrenz beim Wettkampf in M\u00f6nchengladbach \/\/ Wiedersehen mit Ex-Coach Lotz F\u00fcr eine erste Standortbestimmung im neuen Jahr reisten vierzehn Schwimmer der ersten Wettkampf-Mannschaft des SSKC Poseidon Aschaffenburg am vergangenen Wochenende zum 9. Internationalen [...]<\/p><\/div><\/article><article class=\"post fusion-column column col col-lg-12 col-md-12 col-sm-12 fusion-animated\" data-animationType=\"fadeInLeft\" data-animationDuration=\"0.3\" data-animationOffset=\"top-into-view\"><div class=\"recent-posts-content\"><span class=\"vcard\" style=\"display: none;\"><span class=\"fn\"><a href=\"https:\/\/poseidon-aschaffenburg.de\/?author=5\" title=\"Beitr\u00e4ge von Steffi Kramer\" rel=\"author\">Steffi Kramer<\/a><\/span><\/span><span class=\"updated\" style=\"display:none;\">2026-03-23T22:08:27+01:00<\/span><h4 class=\"entry-title\"><a href=\"https:\/\/poseidon-aschaffenburg.de\/?p=96715\">H\u00f6\u00dfler und Radau mit schnellen Zeiten beim Jahresauftakt<\/a><\/h4><p>Justus Beh\u00fctuns holt einzigen Tagessieg \/\/ Vielzahl an Disqualifikationen sorgt f\u00fcr Unmut Mit der Teilnahme am 48. Internationalen Schwimmwettkampf in Eschborn starteten die beiden Nachwuchsteams \"W1\" und \"W2\" des SSKC Poseidon Aschaffenburg am vergangenen Sonntag [...]<\/p><\/div><\/article><\/section><\/div><div class=\"fusion-clearfix\"><\/div><\/div><\/div><\/div><\/div>\n","protected":false},"excerpt":{"rendered":"","protected":false},"author":5,"featured_media":0,"parent":0,"menu_order":0,"comment_status":"closed","ping_status":"closed","template":"","meta":{"footnotes":""},"_links":{"self":[{"href":"https:\/\/poseidon-aschaffenburg.de\/index.php?rest_route=\/wp\/v2\/pages\/1792"}],"collection":[{"href":"https:\/\/poseidon-aschaffenburg.de\/index.php?rest_route=\/wp\/v2\/pages"}],"about":[{"href":"https:\/\/poseidon-aschaffenburg.de\/index.php?rest_route=\/wp\/v2\/types\/page"}],"author":[{"embeddable":true,"href":"https:\/\/poseidon-aschaffenburg.de\/index.php?rest_route=\/wp\/v2\/users\/5"}],"replies":[{"embeddable":true,"href":"https:\/\/poseidon-aschaffenburg.de\/index.php?rest_route=%2Fwp%2Fv2%2Fcomments&post=1792"}],"version-history":[{"count":233,"href":"https:\/\/poseidon-aschaffenburg.de\/index.php?rest_route=\/wp\/v2\/pages\/1792\/revisions"}],"predecessor-version":[{"id":96595,"href":"https:\/\/poseidon-aschaffenburg.de\/index.php?rest_route=\/wp\/v2\/pages\/1792\/revisions\/96595"}],"wp:attachment":[{"href":"https:\/\/poseidon-aschaffenburg.de\/index.php?rest_route=%2Fwp%2Fv2%2Fmedia&parent=1792"}],"curies":[{"name":"wp","href":"https:\/\/api.w.org\/{rel}","templated":true}]}}