{"id":89700,"date":"2024-01-12T20:04:59","date_gmt":"2024-01-12T19:04:59","guid":{"rendered":"https:\/\/poseidon-aschaffenburg.de\/?page_id=89700"},"modified":"2024-01-25T08:03:15","modified_gmt":"2024-01-25T07:03:15","slug":"meldeergebnis-und-protokoll-dvag-fries-cup-2024","status":"publish","type":"page","link":"https:\/\/poseidon-aschaffenburg.de\/?page_id=89700","title":{"rendered":"Meldeergebnis und Protokoll DVAG Fries Cup 2024"},"content":{"rendered":"<div class=\"fusion-fullwidth fullwidth-box fusion-builder-row-1 nonhundred-percent-fullwidth non-hundred-percent-height-scrolling\" style=\"--awb-border-radius-top-left:0px;--awb-border-radius-top-right:0px;--awb-border-radius-bottom-right:0px;--awb-border-radius-bottom-left:0px;--awb-flex-wrap:wrap;\" ><div class=\"fusion-builder-row fusion-row\"><div class=\"fusion-layout-column fusion_builder_column fusion-builder-column-0 fusion_builder_column_1_2 1_2 fusion-one-half fusion-column-first\" style=\"--awb-bg-size:cover;width:50%;width:calc(50% - ( ( 4% ) * 0.5 ) );margin-right: 4%;\"><div class=\"fusion-column-wrapper fusion-column-has-shadow fusion-flex-column-wrapper-legacy\"><div class=\"fusion-image-carousel fusion-image-carousel-auto fusion-image-carousel-1\"><div class=\"awb-carousel awb-swiper awb-swiper-carousel\" data-autoplay=\"no\" data-columns=\"3\" data-itemmargin=\"10\" data-itemwidth=\"180\" data-touchscroll=\"no\" data-imagesize=\"auto\" style=\"--awb-columns:3;--awb-column-spacing:10px;\"><div class=\"swiper-wrapper awb-image-carousel-wrapper fusion-flex-align-items-center\"><div class=\"swiper-slide\"><div class=\"fusion-carousel-item-wrapper\"><div class=\"fusion-image-wrapper hover-type-none\"><img decoding=\"async\" width=\"91\" height=\"50\" src=\"https:\/\/poseidon-aschaffenburg.de\/wp-d7697-content\/uploads\/DVAG_Fries_PersLogo_1920px-e1700601982578.png\" class=\"attachment-full size-full\" alt=\"\" \/><\/div><\/div><\/div><div class=\"swiper-slide\"><div class=\"fusion-carousel-item-wrapper\"><div class=\"fusion-image-wrapper hover-type-none\"><a href=\"https:\/\/www.bildungsspender.de\/sskcposeidon-schwimmen\" target=\"_blank\" rel=\"noopener noreferrer\"><img decoding=\"async\" width=\"74\" height=\"50\" src=\"https:\/\/poseidon-aschaffenburg.de\/wp-d7697-content\/uploads\/2020-11-09-bildungsspender-e1644562941767.png\" class=\"attachment-full size-full\" alt=\"Bildungsspender\" \/><\/a><\/div><\/div><\/div><\/div><\/div><\/div>\n<div class=\"fusion-text fusion-text-1\"><p style=\"text-align: center;\"><span style=\"color: #000080;\"><strong><em>Wir erstellen einen Trainingsplan f\u00fcr Dich, zu Finanzen, Karriere- &amp; Pers\u00f6nlichkeitsentwicklung.<br \/>\n<\/em><\/strong><strong><em>Vorausschauend.<br \/>\nMitdenkend.<br \/>\nVerl\u00e4sslich. <\/em><\/strong><\/span><\/p>\n<p style=\"text-align: center;\"><span style=\"color: #000080;\"><strong><em>Schau vorbei an unserem Gewinnspiel-Stand. <\/em><\/strong><\/span><\/p>\n<p style=\"text-align: center;\"><span style=\"color: #000080;\"><strong><em>Wir freuen uns auf einen guten Wettkampfsonntag!<\/em><\/strong><\/span><\/p>\n<p style=\"text-align: center;\"><span style=\"color: #000080;\"><strong><em>&#8211; J\u00fcrgen Fries, Direktion f\u00fcr Deutsche Verm\u00f6gensberatung &#8211;<\/em><\/strong><\/span><\/p>\n<\/div><div class=\"fusion-clearfix\"><\/div><\/div><\/div><div class=\"fusion-layout-column fusion_builder_column fusion-builder-column-1 fusion_builder_column_1_2 1_2 fusion-one-half fusion-column-last\" style=\"--awb-bg-size:cover;width:50%;width:calc(50% - ( ( 4% ) * 0.5 ) );\"><div class=\"fusion-column-wrapper fusion-column-has-shadow fusion-flex-column-wrapper-legacy\"><iframe width=\"100%\" height=\"400\" src=\"https:\/\/poseidon-aschaffenburg.de\/live\/20240128\/results.php\" frameborder=\"0\" allowfullscreen><\/iframe><div class=\"fusion-clearfix\"><\/div><\/div><\/div><\/div><\/div>\n","protected":false},"excerpt":{"rendered":"","protected":false},"author":5,"featured_media":0,"parent":0,"menu_order":0,"comment_status":"closed","ping_status":"closed","template":"","meta":{"footnotes":""},"_links":{"self":[{"href":"https:\/\/poseidon-aschaffenburg.de\/index.php?rest_route=\/wp\/v2\/pages\/89700"}],"collection":[{"href":"https:\/\/poseidon-aschaffenburg.de\/index.php?rest_route=\/wp\/v2\/pages"}],"about":[{"href":"https:\/\/poseidon-aschaffenburg.de\/index.php?rest_route=\/wp\/v2\/types\/page"}],"author":[{"embeddable":true,"href":"https:\/\/poseidon-aschaffenburg.de\/index.php?rest_route=\/wp\/v2\/users\/5"}],"replies":[{"embeddable":true,"href":"https:\/\/poseidon-aschaffenburg.de\/index.php?rest_route=%2Fwp%2Fv2%2Fcomments&post=89700"}],"version-history":[{"count":4,"href":"https:\/\/poseidon-aschaffenburg.de\/index.php?rest_route=\/wp\/v2\/pages\/89700\/revisions"}],"predecessor-version":[{"id":89747,"href":"https:\/\/poseidon-aschaffenburg.de\/index.php?rest_route=\/wp\/v2\/pages\/89700\/revisions\/89747"}],"wp:attachment":[{"href":"https:\/\/poseidon-aschaffenburg.de\/index.php?rest_route=%2Fwp%2Fv2%2Fmedia&parent=89700"}],"curies":[{"name":"wp","href":"https:\/\/api.w.org\/{rel}","templated":true}]}}